{"id":8652,"date":"2025-07-03T06:52:35","date_gmt":"2025-07-03T06:52:35","guid":{"rendered":"https:\/\/woobelle.com\/?post_type=product&#038;p=8652"},"modified":"2025-07-03T07:09:35","modified_gmt":"2025-07-03T07:09:35","slug":"strapless-flower-dress-colorful-a-line-evening-gown","status":"publish","type":"product","link":"https:\/\/woobelle.com\/pt\/produto\/vestido-sem-alcas-florido-colorido-vestido-de-noite-tipo-a\/","title":{"rendered":"Vestido de Festa Colorido Sem Al\u00e7a com Estampa de Flores e Corte Evas\u00ea"},"content":{"rendered":"<div data-elementor-type=\"product-post\" data-elementor-id=\"8652\" class=\"elementor elementor-8652\" data-elementor-post-type=\"product\">\n\t\t\t\t<div class=\"elementor-element elementor-element-38e2e7d2 e-flex e-con-boxed e-con e-parent\" data-id=\"38e2e7d2\" data-element_type=\"container\">\n\t\t\t\t\t<div class=\"e-con-inner\">\n\t\t\t\t<div class=\"elementor-element elementor-element-444f140e elementor-widget elementor-widget-text-editor\" data-id=\"444f140e\" data-element_type=\"widget\" data-widget_type=\"text-editor.default\">\n\t\t\t\t<div class=\"elementor-widget-container\">\n\t\t\t\t\t\t\t\t\t<p>Os tamanhos e ajustes variam conforme a marca, por isso recomendamos verificar nossa\u00a0<a href=\"https:\/\/woobelle.com\/pt\/tabela-de-medidas-de-vestidos\/\">Guia de Tamanhos<\/a>\u00a0Para encontrar o seu tamanho perfeito. Confira suas medidas corporais. (Como medir o tamanho do corpo? Clique nos Guias de Tamanho para obter mais ajuda.) Se estiver entre tamanhos ou precisar de aconselhamento personalizado, envie-nos um e-mail para: service@woobelle.com e teremos prazer em ajudar!<\/p><h4><strong>Certifique-se de comparar as medidas com as suas para obter o melhor ajuste.<\/strong><\/h4><p>\u00a0<\/p><table><thead><tr><th>Tamanho<\/th><th>Busto (CM\/POLEGADA)<\/th><th>Cintura (CM\/POLEGADA)<\/th><\/tr><\/thead><tbody><tr><td>XS<\/td><td>80cm\/31.5&#8243;<\/td><td>62cm\/24.4&#8243;<\/td><\/tr><tr><td>S<\/td><td>83cm\/32.7&#8243;<\/td><td>66cm\/26.0&#8243;<\/td><\/tr><tr><td>M<\/td><td>86cm\/33.9&#8243;<\/td><td>70cm\/27.6&#8243;<\/td><\/tr><tr><td>L<\/td><td>90cm\/35.4&#8243;<\/td><td>73cm\/28.7&#8243;<\/td><\/tr><tr><td>XL<\/td><td>93cm\/36.6&#8243;<\/td><td>76cm\/29.9&#8243;<\/td><\/tr><tr><td>2XL<\/td><td>96cm\/37.8&#8243;<\/td><td>80cm\/31.5&#8243;<\/td><\/tr><tr><td>3XL<\/td><td>100cm\/39.4&#8243;<\/td><td>83cm\/32.7&#8243;<\/td><\/tr><\/tbody><\/table>\t\t\t\t\t\t\t\t<\/div>\n\t\t\t\t<\/div>\n\t\t\t\t\t<\/div>\n\t\t\t\t<\/div>\n\t\t<div class=\"elementor-element elementor-element-8091e98 e-flex e-con-boxed e-con e-parent\" data-id=\"8091e98\" data-element_type=\"container\">\n\t\t\t\t\t<div class=\"e-con-inner\">\n\t\t<div class=\"elementor-element elementor-element-36ce87d8 e-con-full e-flex e-con e-child\" data-id=\"36ce87d8\" data-element_type=\"container\">\n\t\t\t\t<div class=\"elementor-element elementor-element-36be8989 elementor-widget elementor-widget-text-editor\" data-id=\"36be8989\" data-element_type=\"widget\" data-widget_type=\"text-editor.default\">\n\t\t\t\t<div class=\"elementor-widget-container\">\n\t\t\t\t\t\t\t\t\t<table>\n<thead>\n<tr>\n<th><div align=\"center\" style=\"line-height:28px;\"><\/div><\/th>\n<th><div align=\"center\" style=\"line-height:28px;\">155cm<\/div><\/th>\n<th><div align=\"center\" style=\"line-height:28px;\">160cm<\/div><\/th>\n<th><div align=\"center\" style=\"line-height:28px;\">165cm<\/div><\/th>\n<th><div align=\"center\" style=\"line-height:28px;\">170cm<\/div><\/th>\n<\/tr>\n<\/thead>\n<tbody>\n<tr>\n<td bgcolor=\"#7d7d7d\"><div align=\"center\" style=\"color:#FFFFFF\"><strong>XS<\/strong><\/div><\/td>\n<td>39-44 KG<\/td>\n<td>43-47 KG<\/td>\n<td>45-50 KG<\/td>\n<td>47.5-52 KG<\/td>\n<\/tr>\n<tr>\n<td bgcolor=\"#7d7d7d\"><div align=\"center\" style=\"color:#FFFFFF\"><strong>S<\/strong><\/div><\/td>\n<td>44-48 KG<\/td>\n<td>47-51 KG<\/td>\n<td>50-53.5 KG<\/td>\n<td>52-56 KG<\/td>\n<\/tr>\n<tr>\n<td bgcolor=\"#7d7d7d\"><div align=\"center\" style=\"color:#FFFFFF\"><strong>M<\/strong><\/div><\/td>\n<td>48-51.5 KG<\/td>\n<td>51-54.5 KG<\/td>\n<td>53.5-57 KG<\/td>\n<td>56-59 KG<\/td>\n<\/tr>\n<tr>\n<td bgcolor=\"#7d7d7d\"><div align=\"center\" style=\"color:#FFFFFF\"><strong>L<\/strong><\/div><\/td>\n<td>51.5-55 KG<\/td>\n<td>54.5-58 KG<\/td>\n<td>57-60.5 KG<\/td>\n<td>59-62.5 KG<\/td>\n<\/tr>\n<tr>\n<td bgcolor=\"#7d7d7d\"><div align=\"center\" style=\"color:#FFFFFF\"><strong>XL<\/strong><\/div><\/td>\n<td>55-58.5 KG<\/td>\n<td>58-61.5 KG<\/td>\n<td>60.5-64 KG<\/td>\n<td>62.5-66 KG<\/td>\n<\/tr>\n<tr>\n<td bgcolor=\"#7d7d7d\"><div align=\"center\" style=\"color:#FFFFFF\"><strong>XXL<\/strong><\/div><\/td>\n<td>58.5-62 KG<\/td>\n<td>61.5-65 KG<\/td>\n<td>64-67.5 KG<\/td>\n<td>66-70 KG<\/td>\n<\/tr>\n<tr>\n<td bgcolor=\"#7d7d7d\"><div align=\"center\" style=\"color:#FFFFFF\"><strong>3XL<\/strong><\/div><\/td>\n<td>62-65.5 KG<\/td>\n<td>65-68.5 KG<\/td>\n<td>67.5-71 KG<\/td>\n<td>70-73.5 KG<\/td>\n<\/tr>\n<\/tbody>\n<\/table>\n\t\t\t\t\t\t\t\t<\/div>\n\t\t\t\t<\/div>\n\t\t\t\t<\/div>\n\t\t<div class=\"elementor-element elementor-element-9427f53 e-con-full e-flex e-con e-child\" data-id=\"9427f53\" data-element_type=\"container\">\n\t\t\t\t<div class=\"elementor-element elementor-element-374b11c2 elementor-widget elementor-widget-text-editor\" data-id=\"374b11c2\" data-element_type=\"widget\" data-widget_type=\"text-editor.default\">\n\t\t\t\t<div class=\"elementor-widget-container\">\n\t\t\t\t\t\t\t\t\t<table><thead><tr><th><div style=\"line-height: 28px;\" align=\"center\">\u00a0<\/div><\/th><th><div style=\"line-height: 28px;\" align=\"center\">5&#8217;1&#8243;<\/div><\/th><th><div style=\"line-height: 28px;\" align=\"center\">5&#8217;3&#8243;<\/div><\/th><th><div style=\"line-height: 28px;\" align=\"center\">5&#8217;5&#8243;<\/div><\/th><th><div style=\"line-height: 28px;\" align=\"center\">5&#8217;7&#8243;<\/div><\/th><\/tr><\/thead><tbody><tr><td bgcolor=\"#7d7d7d\"><div style=\"color: #ffffff;\" align=\"center\"><strong>XS<\/strong><\/div><\/td><td>86-97 lbs<\/td><td>95-104 lbs<\/td><td>99-110 lbs<\/td><td>105-115 lbs<\/td><\/tr><tr><td bgcolor=\"#7d7d7d\"><div style=\"color: #ffffff;\" align=\"center\"><strong>S<\/strong><\/div><\/td><td>97-106 lbs<\/td><td>104-112 lbs<\/td><td>110-118 lbs<\/td><td>115-123 lbs<\/td><\/tr><tr><td bgcolor=\"#7d7d7d\"><div style=\"color: #ffffff;\" align=\"center\"><strong>M<\/strong><\/div><\/td><td>106-114 lbs<\/td><td>112-120 lbs<\/td><td>118-126 lbs<\/td><td>123-130 lbs<\/td><\/tr><tr><td bgcolor=\"#7d7d7d\"><div style=\"color: #ffffff;\" align=\"center\"><strong>L<\/strong><\/div><\/td><td>114-121 lbs<\/td><td>120-128 lbs<\/td><td>126-133 lbs<\/td><td>130-138 lbs<\/td><\/tr><tr><td bgcolor=\"#7d7d7d\"><div style=\"color: #ffffff;\" align=\"center\"><strong>XL<\/strong><\/div><\/td><td>121-129 lbs<\/td><td>128-136 lbs<\/td><td>133-141 lbs<\/td><td>138-146 lbs<\/td><\/tr><tr><td bgcolor=\"#7d7d7d\"><div style=\"color: #ffffff;\" align=\"center\"><strong>XXL<\/strong><\/div><\/td><td>129-137 lbs<\/td><td>136-143 lbs<\/td><td>141-149 lbs<\/td><td>146-154 lbs<\/td><\/tr><tr><td bgcolor=\"#7d7d7d\"><div style=\"color: #ffffff;\" align=\"center\"><strong>3XL<\/strong><\/div><\/td><td>137-144 lbs<\/td><td>143-151 lbs<\/td><td>149-157 lbs<\/td><td>154-162 lbs<\/td><\/tr><\/tbody><\/table>\t\t\t\t\t\t\t\t<\/div>\n\t\t\t\t<\/div>\n\t\t\t\t<\/div>\n\t\t\t\t\t<\/div>\n\t\t\t\t<\/div>\n\t\t\t\t<\/div>","protected":false},"excerpt":{"rendered":"<p>Sizes and fits vary across brands, so we recommend checking our\u00a0Size Guide\u00a0to find your perfect match. check your body measurements. (How to measure the body size? Click the Size Guides to get more help.)If you\u2019re between sizes or need personalized advice, email us at :service@woobelle.com and we\u2019ll gladly help! Be sure to compare the measurements [&hellip;]<\/p>","protected":false},"featured_media":8661,"comment_status":"open","ping_status":"closed","template":"","meta":[],"product_brand":[],"product_cat":[67,74,15],"product_tag":[],"class_list":{"0":"post-8652","1":"product","2":"type-product","3":"status-publish","4":"has-post-thumbnail","6":"product_cat-evening-dress","7":"product_cat-maxi-dresses","8":"product_cat-shop-by-occasion","10":"first","11":"instock","12":"shipping-taxable","13":"purchasable","14":"product-type-variable"},"yoast_head":"<!-- This site is optimized with the Yoast SEO Premium plugin v25.2 (Yoast SEO v25.2) - https:\/\/yoast.com\/wordpress\/plugins\/seo\/ -->\n<title>Strapless Flower Dress Colorful A-line Evening Gown\u200b<\/title>\n<meta name=\"description\" content=\"\u200b\u200bBuy Now Strapless Flower Dress - Colorful A-line Evening Gown\u200b, Maxi Dress Floral Ballgown\u200b Strapless Ball Gown Dress at Woobelle.com\" \/>\n<meta name=\"robots\" content=\"index, follow, max-snippet:-1, max-image-preview:large, max-video-preview:-1\" \/>\n<link rel=\"canonical\" href=\"https:\/\/woobelle.com\/pt\/produto\/vestido-sem-alcas-florido-colorido-vestido-de-noite-tipo-a\/\" \/>\n<meta property=\"og:locale\" content=\"pt_BR\" \/>\n<meta property=\"og:type\" content=\"article\" \/>\n<meta property=\"og:title\" content=\"\u200b\u200bStrapless Flower Dress Colorful A-line Evening Gown\u200b\" \/>\n<meta property=\"og:description\" content=\"\u200b\u200bBuy Now Strapless Flower Dress - Colorful A-line Evening Gown\u200b, Maxi Dress Floral Ballgown\u200b Strapless Ball Gown Dress at Woobelle.com\" \/>\n<meta property=\"og:url\" content=\"https:\/\/woobelle.com\/pt\/produto\/vestido-sem-alcas-florido-colorido-vestido-de-noite-tipo-a\/\" \/>\n<meta property=\"og:site_name\" content=\"Woobelle-Elegant Dresses Trendy Affordable Dresses For Women\" \/>\n<meta property=\"article:modified_time\" content=\"2025-07-03T07:09:35+00:00\" \/>\n<meta property=\"og:image\" content=\"http:\/\/woobelle.com\/wp-content\/uploads\/2025\/07\/strapless-flower-dress-colorful-a-line-evening-gown-1.png\" \/>\n\t<meta property=\"og:image:width\" content=\"832\" \/>\n\t<meta property=\"og:image:height\" content=\"1184\" \/>\n\t<meta property=\"og:image:type\" content=\"image\/png\" \/>\n<meta name=\"twitter:card\" content=\"summary_large_image\" \/>\n<script type=\"application\/ld+json\" class=\"yoast-schema-graph\">{\"@context\":\"https:\/\/schema.org\",\"@graph\":[{\"@type\":\"WebPage\",\"@id\":\"https:\/\/woobelle.com\/product\/strapless-flower-dress-colorful-a-line-evening-gown\/\",\"url\":\"https:\/\/woobelle.com\/product\/strapless-flower-dress-colorful-a-line-evening-gown\/\",\"name\":\"Strapless Flower Dress Colorful A-line Evening Gown\u200b\",\"isPartOf\":{\"@id\":\"https:\/\/woobelle.com\/#website\"},\"primaryImageOfPage\":{\"@id\":\"https:\/\/woobelle.com\/product\/strapless-flower-dress-colorful-a-line-evening-gown\/#primaryimage\"},\"image\":{\"@id\":\"https:\/\/woobelle.com\/product\/strapless-flower-dress-colorful-a-line-evening-gown\/#primaryimage\"},\"thumbnailUrl\":\"https:\/\/woobelle.com\/wp-content\/uploads\/2025\/07\/strapless-flower-dress-colorful-a-line-evening-gown-1.png\",\"datePublished\":\"2025-07-03T06:52:35+00:00\",\"dateModified\":\"2025-07-03T07:09:35+00:00\",\"description\":\"\u200b\u200bBuy Now Strapless Flower Dress - Colorful A-line Evening Gown\u200b, Maxi Dress Floral Ballgown\u200b Strapless Ball Gown Dress at Woobelle.com\",\"breadcrumb\":{\"@id\":\"https:\/\/woobelle.com\/product\/strapless-flower-dress-colorful-a-line-evening-gown\/#breadcrumb\"},\"inLanguage\":\"pt-BR\",\"potentialAction\":[{\"@type\":\"ReadAction\",\"target\":[\"https:\/\/woobelle.com\/product\/strapless-flower-dress-colorful-a-line-evening-gown\/\"]}]},{\"@type\":\"ImageObject\",\"inLanguage\":\"pt-BR\",\"@id\":\"https:\/\/woobelle.com\/product\/strapless-flower-dress-colorful-a-line-evening-gown\/#primaryimage\",\"url\":\"https:\/\/woobelle.com\/wp-content\/uploads\/2025\/07\/strapless-flower-dress-colorful-a-line-evening-gown-1.png\",\"contentUrl\":\"https:\/\/woobelle.com\/wp-content\/uploads\/2025\/07\/strapless-flower-dress-colorful-a-line-evening-gown-1.png\",\"width\":832,\"height\":1184,\"caption\":\"\u200b\u200bStrapless Flower Dress\"},{\"@type\":\"BreadcrumbList\",\"@id\":\"https:\/\/woobelle.com\/product\/strapless-flower-dress-colorful-a-line-evening-gown\/#breadcrumb\",\"itemListElement\":[{\"@type\":\"ListItem\",\"position\":1,\"name\":\"Home\",\"item\":\"https:\/\/woobelle.com\/\"},{\"@type\":\"ListItem\",\"position\":2,\"name\":\"Shop\",\"item\":\"https:\/\/woobelle.com\/shop\/\"},{\"@type\":\"ListItem\",\"position\":3,\"name\":\"\u200b\u200bStrapless Flower Dress Colorful A-line Evening Gown\u200b\"}]},{\"@type\":\"WebSite\",\"@id\":\"https:\/\/woobelle.com\/#website\",\"url\":\"https:\/\/woobelle.com\/\",\"name\":\"Woobelle-Elegant Dresses Trendy Affordable Dresses For Women\",\"description\":\"\",\"publisher\":{\"@id\":\"https:\/\/woobelle.com\/#organization\"},\"potentialAction\":[{\"@type\":\"SearchAction\",\"target\":{\"@type\":\"EntryPoint\",\"urlTemplate\":\"https:\/\/woobelle.com\/?s={search_term_string}\"},\"query-input\":{\"@type\":\"PropertyValueSpecification\",\"valueRequired\":true,\"valueName\":\"search_term_string\"}}],\"inLanguage\":\"pt-BR\"},{\"@type\":\"Organization\",\"@id\":\"https:\/\/woobelle.com\/#organization\",\"name\":\"Woobelle-Elegant Dresses Trendy Affordable Dresses For Women\",\"url\":\"https:\/\/woobelle.com\/\",\"logo\":{\"@type\":\"ImageObject\",\"inLanguage\":\"pt-BR\",\"@id\":\"https:\/\/woobelle.com\/#\/schema\/logo\/image\/\",\"url\":\"https:\/\/woobelle.com\/wp-content\/uploads\/2025\/06\/cropped-woobelle-logo.jpg\",\"contentUrl\":\"https:\/\/woobelle.com\/wp-content\/uploads\/2025\/06\/cropped-woobelle-logo.jpg\",\"width\":499,\"height\":107,\"caption\":\"Woobelle-Elegant Dresses Trendy Affordable Dresses For Women\"},\"image\":{\"@id\":\"https:\/\/woobelle.com\/#\/schema\/logo\/image\/\"}}]}<\/script>\n<!-- \/ Yoast SEO Premium plugin. -->","yoast_head_json":{"title":"Vestido de Festa Colorido Sem Al\u00e7a com Estampa de Flores e Corte Evas\u00ea","description":"Compre Agora Vestido Evas\u00ea Florido Sem Al\u00e7a - Vestido de Festa Colorido, Vestido Longo de Baile com Flores. Vestido de Gala Sem Al\u00e7as na Woobelle.com","robots":{"index":"index","follow":"follow","max-snippet":"max-snippet:-1","max-image-preview":"max-image-preview:large","max-video-preview":"max-video-preview:-1"},"canonical":"https:\/\/woobelle.com\/pt\/produto\/vestido-sem-alcas-florido-colorido-vestido-de-noite-tipo-a\/","og_locale":"pt_BR","og_type":"article","og_title":"\u200b\u200bStrapless Flower Dress Colorful A-line Evening Gown\u200b","og_description":"\u200b\u200bBuy Now Strapless Flower Dress - Colorful A-line Evening Gown\u200b, Maxi Dress Floral Ballgown\u200b Strapless Ball Gown Dress at Woobelle.com","og_url":"https:\/\/woobelle.com\/pt\/produto\/vestido-sem-alcas-florido-colorido-vestido-de-noite-tipo-a\/","og_site_name":"Woobelle-Elegant Dresses Trendy Affordable Dresses For Women","article_modified_time":"2025-07-03T07:09:35+00:00","og_image":[{"width":832,"height":1184,"url":"http:\/\/woobelle.com\/wp-content\/uploads\/2025\/07\/strapless-flower-dress-colorful-a-line-evening-gown-1.png","type":"image\/png"}],"twitter_card":"summary_large_image","schema":{"@context":"https:\/\/schema.org","@graph":[{"@type":"WebPage","@id":"https:\/\/woobelle.com\/product\/strapless-flower-dress-colorful-a-line-evening-gown\/","url":"https:\/\/woobelle.com\/product\/strapless-flower-dress-colorful-a-line-evening-gown\/","name":"Vestido de Festa Colorido Sem Al\u00e7a com Estampa de Flores e Corte Evas\u00ea","isPartOf":{"@id":"https:\/\/woobelle.com\/#website"},"primaryImageOfPage":{"@id":"https:\/\/woobelle.com\/product\/strapless-flower-dress-colorful-a-line-evening-gown\/#primaryimage"},"image":{"@id":"https:\/\/woobelle.com\/product\/strapless-flower-dress-colorful-a-line-evening-gown\/#primaryimage"},"thumbnailUrl":"https:\/\/woobelle.com\/wp-content\/uploads\/2025\/07\/strapless-flower-dress-colorful-a-line-evening-gown-1.png","datePublished":"2025-07-03T06:52:35+00:00","dateModified":"2025-07-03T07:09:35+00:00","description":"Compre Agora Vestido Evas\u00ea Florido Sem Al\u00e7a - Vestido de Festa Colorido, Vestido Longo de Baile com Flores. Vestido de Gala Sem Al\u00e7as na Woobelle.com","breadcrumb":{"@id":"https:\/\/woobelle.com\/product\/strapless-flower-dress-colorful-a-line-evening-gown\/#breadcrumb"},"inLanguage":"pt-BR","potentialAction":[{"@type":"ReadAction","target":["https:\/\/woobelle.com\/product\/strapless-flower-dress-colorful-a-line-evening-gown\/"]}]},{"@type":"ImageObject","inLanguage":"pt-BR","@id":"https:\/\/woobelle.com\/product\/strapless-flower-dress-colorful-a-line-evening-gown\/#primaryimage","url":"https:\/\/woobelle.com\/wp-content\/uploads\/2025\/07\/strapless-flower-dress-colorful-a-line-evening-gown-1.png","contentUrl":"https:\/\/woobelle.com\/wp-content\/uploads\/2025\/07\/strapless-flower-dress-colorful-a-line-evening-gown-1.png","width":832,"height":1184,"caption":"\u200b\u200bStrapless Flower Dress"},{"@type":"BreadcrumbList","@id":"https:\/\/woobelle.com\/product\/strapless-flower-dress-colorful-a-line-evening-gown\/#breadcrumb","itemListElement":[{"@type":"ListItem","position":1,"name":"Home","item":"https:\/\/woobelle.com\/"},{"@type":"ListItem","position":2,"name":"Shop","item":"https:\/\/woobelle.com\/shop\/"},{"@type":"ListItem","position":3,"name":"\u200b\u200bStrapless Flower Dress Colorful A-line Evening Gown\u200b"}]},{"@type":"WebSite","@id":"https:\/\/woobelle.com\/#website","url":"https:\/\/woobelle.com\/","name":"Novo Vestido Assim\u00e9trico para Festas","description":"","publisher":{"@id":"https:\/\/woobelle.com\/#organization"},"potentialAction":[{"@type":"SearchAction","target":{"@type":"EntryPoint","urlTemplate":"https:\/\/woobelle.com\/?s={search_term_string}"},"query-input":{"@type":"PropertyValueSpecification","valueRequired":true,"valueName":"search_term_string"}}],"inLanguage":"pt-BR"},{"@type":"Organization","@id":"https:\/\/woobelle.com\/#organization","name":"Novo Vestido Assim\u00e9trico para Festas","url":"https:\/\/woobelle.com\/","logo":{"@type":"ImageObject","inLanguage":"pt-BR","@id":"https:\/\/woobelle.com\/#\/schema\/logo\/image\/","url":"https:\/\/woobelle.com\/wp-content\/uploads\/2025\/06\/cropped-woobelle-logo.jpg","contentUrl":"https:\/\/woobelle.com\/wp-content\/uploads\/2025\/06\/cropped-woobelle-logo.jpg","width":499,"height":107,"caption":"Woobelle-Elegant Dresses Trendy Affordable Dresses For Women"},"image":{"@id":"https:\/\/woobelle.com\/#\/schema\/logo\/image\/"}}]}},"_links":{"self":[{"href":"https:\/\/woobelle.com\/pt\/wp-json\/wp\/v2\/product\/8652","targetHints":{"allow":["GET"]}}],"collection":[{"href":"https:\/\/woobelle.com\/pt\/wp-json\/wp\/v2\/product"}],"about":[{"href":"https:\/\/woobelle.com\/pt\/wp-json\/wp\/v2\/types\/product"}],"replies":[{"embeddable":true,"href":"https:\/\/woobelle.com\/pt\/wp-json\/wp\/v2\/comments?post=8652"}],"version-history":[{"count":4,"href":"https:\/\/woobelle.com\/pt\/wp-json\/wp\/v2\/product\/8652\/revisions"}],"predecessor-version":[{"id":8671,"href":"https:\/\/woobelle.com\/pt\/wp-json\/wp\/v2\/product\/8652\/revisions\/8671"}],"wp:featuredmedia":[{"embeddable":true,"href":"https:\/\/woobelle.com\/pt\/wp-json\/wp\/v2\/media\/8661"}],"wp:attachment":[{"href":"https:\/\/woobelle.com\/pt\/wp-json\/wp\/v2\/media?parent=8652"}],"wp:term":[{"taxonomy":"product_brand","embeddable":true,"href":"https:\/\/woobelle.com\/pt\/wp-json\/wp\/v2\/product_brand?post=8652"},{"taxonomy":"product_cat","embeddable":true,"href":"https:\/\/woobelle.com\/pt\/wp-json\/wp\/v2\/product_cat?post=8652"},{"taxonomy":"product_tag","embeddable":true,"href":"https:\/\/woobelle.com\/pt\/wp-json\/wp\/v2\/product_tag?post=8652"}],"curies":[{"name":"wp","href":"https:\/\/api.w.org\/{rel}","templated":true}]}}